{"id":780,"date":"2022-09-12T13:56:55","date_gmt":"2022-09-12T13:56:55","guid":{"rendered":"https:\/\/acenergia.com.mx\/?page_id=780"},"modified":"2025-05-30T19:23:12","modified_gmt":"2025-05-30T19:23:12","slug":"liderazgo","status":"publish","type":"page","link":"https:\/\/acenergia.com.mx\/en\/liderazgo\/","title":{"rendered":"Leadership"},"content":{"rendered":"<div id=\"fws_69dffca975ec8\"  data-column-margin=\"default\" data-midnight=\"dark\"  class=\"wpb_row vc_row-fluid vc_row\"  style=\"padding-top: 45px; padding-bottom: 0px; \"><div class=\"row-bg-wrap\" data-bg-animation=\"none\" data-bg-animation-delay=\"\" data-bg-overlay=\"false\"><div class=\"inner-wrap row-bg-layer\" ><div class=\"row-bg viewport-desktop\"  style=\"\"><\/div><\/div><\/div><div class=\"row_col_wrap_12 col span_12 dark left\">\n\t<div  class=\"vc_col-sm-6 wpb_column column_container vc_column_container col padding-4-percent inherit_tablet inherit_phone\"  data-padding-pos=\"all\" data-has-bg-color=\"false\" data-bg-color=\"\" data-bg-opacity=\"1\" data-animation=\"\" data-delay=\"0\" >\n\t\t<div class=\"vc_column-inner\" >\n\t\t\t<div class=\"wpb_wrapper\">\n\t\t\t\t\n<div class=\"nectar-animated-title\" data-style=\"color-strip-reveal\" data-color=\"accent-color\">\n\t<div class=\"nectar-animated-title-outer\">\n\t\t<div class=\"nectar-animated-title-inner\">\n\t\t\t<div class=\"wrap\"><h4 style=\"color: #ffffff;\">Francisco Con Garza<\/h4><\/div>\n\t\t<\/div>\n\t<\/div>\n<\/div><div class=\"col span_12 section-title text-align-center extra-padding\"><h2>\n<h5 style=\"text-align: left\">2023-2026<\/h5>\n<\/h2><\/div><div class=\"clear\"><\/div>\n<div class=\"wpb_text_column wpb_content_element\" >\n\t<div class=\"wpb_wrapper\">\n\t\t<p><span style=\"font-weight: 400;\">Francisco Con Garza is Vice President of Commercial Operations at Saavi Energ\u00eda, one of the leading power generation and energy marketing companies in the country. He oversees market operations, energy management, and analysis of gas and electricity markets in both Mexico and the United States. He has also served as a board member of various associations within the electric power sector and has participated in the energy committees of Mexico\u2019s main industrial chambers.<\/span><\/p>\n<p><span style=\"font-weight: 400;\">Previously, he worked for 18 years in the energy department at CEMEX, where he served as Global Director of Energy Strategy and Director of Energy Business Development. In these roles, he was responsible for developing thermal and renewable generation projects, as well as for the purchase and sale of energy and environmental attributes in deregulated electricity markets across Mexico, the United States, Central and South America, and Europe.\u00a0<\/span><\/p>\n<p><span style=\"font-weight: 400;\">He holds a degree in Industrial Physics Engineering from Tecnol\u00f3gico de Monterrey, a degree in Energy and Environmental Engineering from EPF \u00c9cole d'Ing\u00e9nieurs de Sceaux\/Paris, France, and a master\u2019s degree in Management, Technology, and Economics from the Swiss Federal Institute of Technology (ETH Zurich) in Switzerland.\u00a0<\/span><\/p>\n\t<\/div>\n<\/div>\n\n\n\n\n\t\t\t<\/div> \n\t\t<\/div>\n\t<\/div> \n\n\t<div style=\"margin-top: 100px; \" class=\"vc_col-sm-6 wpb_column column_container vc_column_container col padding-10-percent inherit_tablet inherit_phone\"  data-padding-pos=\"left-right\" data-has-bg-color=\"false\" data-bg-color=\"\" data-bg-opacity=\"1\" data-animation=\"\" data-delay=\"0\" >\n\t\t<div class=\"vc_column-inner\" >\n\t\t\t<div class=\"wpb_wrapper\">\n\t\t\t\t<div class=\"img-with-aniamtion-wrap\" data-max-width=\"100%\" data-max-width-mobile=\"default\" data-shadow=\"none\" data-animation=\"fade-in\" >\n      <div class=\"inner\">\n        <div class=\"hover-wrap\"> \n          <div class=\"hover-wrap-inner\">\n            <img loading=\"lazy\" decoding=\"async\" class=\"img-with-animation skip-lazy\" data-delay=\"0\" height=\"1600\" width=\"1066\" data-animation=\"fade-in\" src=\"https:\/\/acenergia.com.mx\/wp-content\/uploads\/2025\/05\/Imagen-Francisco-Con-Garza.jpeg\" alt=\"\" srcset=\"https:\/\/acenergia.com.mx\/wp-content\/uploads\/2025\/05\/Imagen-Francisco-Con-Garza.jpeg 1066w, https:\/\/acenergia.com.mx\/wp-content\/uploads\/2025\/05\/Imagen-Francisco-Con-Garza-200x300.jpeg 200w, https:\/\/acenergia.com.mx\/wp-content\/uploads\/2025\/05\/Imagen-Francisco-Con-Garza-682x1024.jpeg 682w, https:\/\/acenergia.com.mx\/wp-content\/uploads\/2025\/05\/Imagen-Francisco-Con-Garza-768x1153.jpeg 768w, https:\/\/acenergia.com.mx\/wp-content\/uploads\/2025\/05\/Imagen-Francisco-Con-Garza-1023x1536.jpeg 1023w, https:\/\/acenergia.com.mx\/wp-content\/uploads\/2025\/05\/Imagen-Francisco-Con-Garza-8x12.jpeg 8w\" sizes=\"(max-width: 1066px) 100vw, 1066px\" \/>\n          <\/div>\n        <\/div>\n      <\/div>\n    <\/div>\n\t\t\t<\/div> \n\t\t<\/div>\n\t<\/div> \n<\/div><\/div>\n\t\t<div id=\"fws_69dffca978287\"  data-column-margin=\"default\" data-midnight=\"dark\"  class=\"wpb_row vc_row-fluid vc_row\"  style=\"padding-top: 100px; padding-bottom: 0px; \"><div class=\"row-bg-wrap\" data-bg-animation=\"none\" data-bg-animation-delay=\"\" data-bg-overlay=\"false\"><div class=\"inner-wrap row-bg-layer\" ><div class=\"row-bg viewport-desktop\"  style=\"\"><\/div><\/div><\/div><div class=\"row_col_wrap_12 col span_12 dark left\">\n\t<div  class=\"vc_col-sm-6 wpb_column column_container vc_column_container col padding-10-percent inherit_tablet inherit_phone\"  data-padding-pos=\"left-right\" data-has-bg-color=\"false\" data-bg-color=\"\" data-bg-opacity=\"1\" data-animation=\"\" data-delay=\"0\" >\n\t\t<div class=\"vc_column-inner\" >\n\t\t\t<div class=\"wpb_wrapper\">\n\t\t\t\t<div class=\"img-with-aniamtion-wrap\" data-max-width=\"100%\" data-max-width-mobile=\"default\" data-shadow=\"none\" data-animation=\"fade-in\" >\n      <div class=\"inner\">\n        <div class=\"hover-wrap\"> \n          <div class=\"hover-wrap-inner\">\n            <img loading=\"lazy\" decoding=\"async\" class=\"img-with-animation skip-lazy\" data-delay=\"0\" height=\"2021\" width=\"1347\" data-animation=\"fade-in\" src=\"https:\/\/acenergia.com.mx\/wp-content\/uploads\/2022\/09\/Imagen-1.jpg\" alt=\"\" srcset=\"https:\/\/acenergia.com.mx\/wp-content\/uploads\/2022\/09\/Imagen-1.jpg 1347w, https:\/\/acenergia.com.mx\/wp-content\/uploads\/2022\/09\/Imagen-1-200x300.jpg 200w, https:\/\/acenergia.com.mx\/wp-content\/uploads\/2022\/09\/Imagen-1-768x1152.jpg 768w, https:\/\/acenergia.com.mx\/wp-content\/uploads\/2022\/09\/Imagen-1-682x1024.jpg 682w\" sizes=\"(max-width: 1347px) 100vw, 1347px\" \/>\n          <\/div>\n        <\/div>\n      <\/div>\n    <\/div>\n\t\t\t<\/div> \n\t\t<\/div>\n\t<\/div> \n\n\t<div  class=\"vc_col-sm-6 wpb_column column_container vc_column_container col padding-4-percent inherit_tablet inherit_phone\"  data-padding-pos=\"all\" data-has-bg-color=\"false\" data-bg-color=\"\" data-bg-opacity=\"1\" data-animation=\"\" data-delay=\"0\" >\n\t\t<div class=\"vc_column-inner\" >\n\t\t\t<div class=\"wpb_wrapper\">\n\t\t\t\t\n<div class=\"nectar-animated-title\" data-style=\"color-strip-reveal\" data-color=\"accent-color\">\n\t<div class=\"nectar-animated-title-outer\">\n\t\t<div class=\"nectar-animated-title-inner\">\n\t\t\t<div class=\"wrap\"><h4 style=\"color: #ffffff;\">Andr\u00e9s Lankenau Mart\u00ednez<\/h4><\/div>\n\t\t<\/div>\n\t<\/div>\n<\/div><div class=\"col span_12 section-title text-align-center extra-padding\"><h2>\n<h5 style=\"text-align: left\">2020 &#8211; 2023<\/h5>\n<\/h2><\/div><div class=\"clear\"><\/div>\n<div class=\"wpb_text_column wpb_content_element\" >\n\t<div class=\"wpb_wrapper\">\n\t\t<p style=\"line-height: 30px; text-align: justify;\">Andr\u00e9s Lankenau Mart\u00ednez has extensive experience in the energy sector in Mexico, the United States, and Europe. He is the Founder and President of Enicon Energy, the first Non-Supplier Marketer in Mexico. Through its business divisions, the company supplies and markets gas and electricity in Mexico, the United States, Central America, and Europe. He is a founding member of the Nuevo Le\u00f3n Energy Cluster and has been recognized by L\u00edderes magazine as one of the foremost leaders in Mexico\u2019s energy sector. He holds an LL.M. in Law and Business from Northwestern University and an M.B.A. from Cornell University. Andr\u00e9s also serves on the executive boards of several companies with international operations.<\/p>\n\t<\/div>\n<\/div>\n\n\n\n\n\t\t\t<\/div> \n\t\t<\/div>\n\t<\/div> \n<\/div><\/div>\n\t\t<div id=\"fws_69dffca9792ac\"  data-column-margin=\"default\" data-midnight=\"dark\"  class=\"wpb_row vc_row-fluid vc_row\"  style=\"padding-top: 45px; padding-bottom: 0px; \"><div class=\"row-bg-wrap\" data-bg-animation=\"none\" data-bg-animation-delay=\"\" data-bg-overlay=\"false\"><div class=\"inner-wrap row-bg-layer\" ><div class=\"row-bg viewport-desktop\"  style=\"\"><\/div><\/div><\/div><div class=\"row_col_wrap_12 col span_12 dark left\">\n\t<div  class=\"vc_col-sm-6 wpb_column column_container vc_column_container col padding-4-percent inherit_tablet inherit_phone\"  data-padding-pos=\"all\" data-has-bg-color=\"false\" data-bg-color=\"\" data-bg-opacity=\"1\" data-animation=\"\" data-delay=\"0\" >\n\t\t<div class=\"vc_column-inner\" >\n\t\t\t<div class=\"wpb_wrapper\">\n\t\t\t\t\n<div class=\"nectar-animated-title\" data-style=\"color-strip-reveal\" data-color=\"accent-color\">\n\t<div class=\"nectar-animated-title-outer\">\n\t\t<div class=\"nectar-animated-title-inner\">\n\t\t\t<div class=\"wrap\"><h4 style=\"color: #ffffff;\">Antonio Noyola de Garagorri<\/h4><\/div>\n\t\t<\/div>\n\t<\/div>\n<\/div><div class=\"col span_12 section-title text-align-center extra-padding\"><h2>\n<h5 style=\"text-align: left\">2018-2020<\/h5>\n<\/h2><\/div><div class=\"clear\"><\/div>\n<div class=\"wpb_text_column wpb_content_element\" >\n\t<div class=\"wpb_wrapper\">\n\t\t<p style=\"line-height: 30px; text-align: justify;\">Antonio Noyola de Garagorri has more than 25 years of experience in Mexico\u2019s energy sector, where he has planned and developed power generation and natural gas infrastructure projects. He has held key positions including Head of the Project Tracking Unit at the Technical Subdirectorate of CFE, Vice President of Development at El Paso Energy, Technical Director at Protama, Director of Business Development and Vice President of Energy at CEMEX, and Executive Vice President of Development at Avant Energy. He is currently CEO of Abeinsa Ju\u00e1rez N-III, an Independent Power Producer with approximately 1000 MW of capacity in the state of Chihuahua. He holds a B.S. in Electrical Mechanical Engineering from the Monterrey Institute of Technology and Higher Education (ITESM), as well as an M.S. and Ph.D. in Electrical Engineering (Power Systems) from the University of Texas at Austin. He has served on the Board of Directors of Gas Industrial de Monterrey, is currently on the board of Ammper Energ\u00eda, and was President and Treasurer of the Energy Marketers Association.<\/p>\n\t<\/div>\n<\/div>\n\n\n\n\n\t\t\t<\/div> \n\t\t<\/div>\n\t<\/div> \n\n\t<div style=\"margin-top: 100px; \" class=\"vc_col-sm-6 wpb_column column_container vc_column_container col padding-10-percent inherit_tablet inherit_phone\"  data-padding-pos=\"left-right\" data-has-bg-color=\"false\" data-bg-color=\"\" data-bg-opacity=\"1\" data-animation=\"\" data-delay=\"0\" >\n\t\t<div class=\"vc_column-inner\" >\n\t\t\t<div class=\"wpb_wrapper\">\n\t\t\t\t<div class=\"img-with-aniamtion-wrap\" data-max-width=\"100%\" data-max-width-mobile=\"default\" data-shadow=\"none\" data-animation=\"fade-in\" >\n      <div class=\"inner\">\n        <div class=\"hover-wrap\"> \n          <div class=\"hover-wrap-inner\">\n            <img loading=\"lazy\" decoding=\"async\" class=\"img-with-animation skip-lazy\" data-delay=\"0\" height=\"1400\" width=\"1020\" data-animation=\"fade-in\" src=\"https:\/\/acenergia.com.mx\/wp-content\/uploads\/2022\/09\/Imagen2.jpg\" alt=\"\" srcset=\"https:\/\/acenergia.com.mx\/wp-content\/uploads\/2022\/09\/Imagen2.jpg 1020w, https:\/\/acenergia.com.mx\/wp-content\/uploads\/2022\/09\/Imagen2-219x300.jpg 219w, https:\/\/acenergia.com.mx\/wp-content\/uploads\/2022\/09\/Imagen2-768x1054.jpg 768w, https:\/\/acenergia.com.mx\/wp-content\/uploads\/2022\/09\/Imagen2-746x1024.jpg 746w\" sizes=\"(max-width: 1020px) 100vw, 1020px\" \/>\n          <\/div>\n        <\/div>\n      <\/div>\n    <\/div>\n\t\t\t<\/div> \n\t\t<\/div>\n\t<\/div> \n<\/div><\/div>\n\t\t<div id=\"fws_69dffca97a25a\"  data-column-margin=\"default\" data-midnight=\"dark\"  class=\"wpb_row vc_row-fluid vc_row\"  style=\"padding-top: 45px; padding-bottom: 0px; \"><div class=\"row-bg-wrap\" data-bg-animation=\"none\" data-bg-animation-delay=\"\" data-bg-overlay=\"false\"><div class=\"inner-wrap row-bg-layer\" ><div class=\"row-bg viewport-desktop\"  style=\"\"><\/div><\/div><\/div><div class=\"row_col_wrap_12 col span_12 dark left\">\n\t<div  class=\"vc_col-sm-6 wpb_column column_container vc_column_container col padding-4-percent inherit_tablet inherit_phone\"  data-padding-pos=\"all\" data-has-bg-color=\"false\" data-bg-color=\"\" data-bg-opacity=\"1\" data-animation=\"\" data-delay=\"0\" >\n\t\t<div class=\"vc_column-inner\" >\n\t\t\t<div class=\"wpb_wrapper\">\n\t\t\t\t<div class=\"img-with-aniamtion-wrap\" data-max-width=\"125%\" data-max-width-mobile=\"default\" data-shadow=\"none\" data-animation=\"fade-in\" >\n      <div class=\"inner\">\n        <div class=\"hover-wrap\"> \n          <div class=\"hover-wrap-inner\">\n            <img loading=\"lazy\" decoding=\"async\" class=\"img-with-animation skip-lazy\" data-delay=\"0\" height=\"285\" width=\"276\" data-animation=\"fade-in\" src=\"https:\/\/acenergia.com.mx\/wp-content\/uploads\/2022\/09\/Imagen3.jpg\" alt=\"\"  \/>\n          <\/div>\n        <\/div>\n      <\/div>\n    <\/div>\n\t\t\t<\/div> \n\t\t<\/div>\n\t<\/div> \n\n\t<div  class=\"vc_col-sm-6 wpb_column column_container vc_column_container col padding-4-percent inherit_tablet inherit_phone\"  data-padding-pos=\"all\" data-has-bg-color=\"false\" data-bg-color=\"\" data-bg-opacity=\"1\" data-animation=\"\" data-delay=\"0\" >\n\t\t<div class=\"vc_column-inner\" >\n\t\t\t<div class=\"wpb_wrapper\">\n\t\t\t\t\n<div class=\"nectar-animated-title\" data-style=\"color-strip-reveal\" data-color=\"accent-color\">\n\t<div class=\"nectar-animated-title-outer\">\n\t\t<div class=\"nectar-animated-title-inner\">\n\t\t\t<div class=\"wrap\"><h4 style=\"color: #ffffff;\">Alvaro \u201cAl\u201d Garcia<\/h4><\/div>\n\t\t<\/div>\n\t<\/div>\n<\/div><div class=\"col span_12 section-title text-align-center extra-padding\"><h2>\n<h5 style=\"text-align: left\">2017-2018<\/h5>\n<\/h2><\/div><div class=\"clear\"><\/div>\n<div class=\"wpb_text_column wpb_content_element\" >\n\t<div class=\"wpb_wrapper\">\n\t\t<p style=\"line-height: 30px; text-align: justify;\">\u00c1lvaro Garc\u00eda Moreno has 25 years of experience in the energy sector across the United States, Mexico, and Europe. He began his career as an electricity trader with Enron Capital &amp; Trade, Enron Europe, El Paso Energy, and Merrill Lynch Commodities, initially focusing on U.S. markets before contributing to the development and establishment of electricity markets in Switzerland and Germany. He served as ERCOT Electricity and Gas Finance Manager at Direct Energy in Houston, Business Development Manager for Latin America at EDF Trading, and as a consultant to both public and private sector companies in Mexico. His professional background spans electricity trading, financial natural gas trading, and maritime transportation of olefins and liquefied gases. He currently serves as Strategy Manager for energy companies at Accenture Strategy, specializing in liquefied natural gas, natural gas, electricity, and hydrogen. He holds a B.S. in Finance from the University of Texas at Austin and an M.B.A. from Columbia and London Business School. \u00c1lvaro was the founding President of the Energy Marketers Association.<\/p>\n\t<\/div>\n<\/div>\n\n\n\n\n\t\t\t<\/div> \n\t\t<\/div>\n\t<\/div> \n<\/div><\/div>","protected":false},"excerpt":{"rendered":"Francisco Con Garza 2023-2026 Francisco Con Garza es vicepresidente de operaciones comerciales en Saavi Energ\u00eda, una de las principales empresas de generaci\u00f3n y comercializaci\u00f3n de energ\u00eda del pa\u00eds, donde est\u00e1...","protected":false},"author":1,"featured_media":0,"parent":0,"menu_order":0,"comment_status":"closed","ping_status":"closed","template":"","meta":{"inline_featured_image":false,"footnotes":""},"_links":{"self":[{"href":"https:\/\/acenergia.com.mx\/en\/wp-json\/wp\/v2\/pages\/780"}],"collection":[{"href":"https:\/\/acenergia.com.mx\/en\/wp-json\/wp\/v2\/pages"}],"about":[{"href":"https:\/\/acenergia.com.mx\/en\/wp-json\/wp\/v2\/types\/page"}],"author":[{"embeddable":true,"href":"https:\/\/acenergia.com.mx\/en\/wp-json\/wp\/v2\/users\/1"}],"replies":[{"embeddable":true,"href":"https:\/\/acenergia.com.mx\/en\/wp-json\/wp\/v2\/comments?post=780"}],"version-history":[{"count":3,"href":"https:\/\/acenergia.com.mx\/en\/wp-json\/wp\/v2\/pages\/780\/revisions"}],"predecessor-version":[{"id":892,"href":"https:\/\/acenergia.com.mx\/en\/wp-json\/wp\/v2\/pages\/780\/revisions\/892"}],"wp:attachment":[{"href":"https:\/\/acenergia.com.mx\/en\/wp-json\/wp\/v2\/media?parent=780"}],"curies":[{"name":"wp","href":"https:\/\/api.w.org\/{rel}","templated":true}]}}