{"id":405,"date":"2017-05-23T02:21:56","date_gmt":"2017-05-23T02:21:56","guid":{"rendered":"https:\/\/acenergia.com.mx\/?page_id=405"},"modified":"2025-06-13T17:58:38","modified_gmt":"2025-06-13T17:58:38","slug":"miembros","status":"publish","type":"page","link":"https:\/\/acenergia.com.mx\/en\/miembros\/","title":{"rendered":"Members"},"content":{"rendered":"<div id=\"fws_69dff96d3ca07\"  data-column-margin=\"default\" data-midnight=\"dark\" data-bottom-percent=\"5%\"  class=\"wpb_row vc_row-fluid vc_row full-width-section\"  style=\"padding-top: 100px; padding-bottom: calc(100vw * 0.05); \"><div class=\"row-bg-wrap\" data-bg-animation=\"none\" data-bg-animation-delay=\"\" data-bg-overlay=\"false\"><div class=\"inner-wrap row-bg-layer\" ><div class=\"row-bg viewport-desktop\"  style=\"\"><\/div><\/div><\/div><div class=\"row_col_wrap_12 col span_12 dark left\">\n\t<div  class=\"vc_col-sm-12 wpb_column column_container vc_column_container col no-extra-padding inherit_tablet inherit_phone\"  data-padding-pos=\"all\" data-has-bg-color=\"false\" data-bg-color=\"\" data-bg-opacity=\"1\" data-animation=\"\" data-delay=\"0\" >\n\t\t<div class=\"vc_column-inner\" >\n\t\t\t<div class=\"wpb_wrapper\">\n\t\t\t\t\n\t<div class=\"wpb_content_element\" data-interval=\"0\">\n\t\t<div class=\"wpb_wrapper tabbed clearfix\" data-style=\"minimal\" data-animation=\"fade\" data-spacing=\"default\" data-icon-size=\"24\" data-full-width-line=\"\" data-color-scheme=\"accent-color\" data-alignment=\"left\">\n\t\t\t<ul class=\"wpb_tabs_nav ui-tabs-nav clearfix\"><li class=\"tab-item active-tab\"><a href=\"#tab-1749837462038-5\" class=\"active-tab\"><span>Principal members<\/span><\/a><\/li><li class=\"tab-item\"><a href=\"#tab-1749837462067-6\" ><span>Adherent members<\/span><\/a><\/li><li class=\"tab-item\"><a href=\"#tab-1749837462110-6\" ><span>Executive Council<\/span><\/a><\/li><li class=\"tab-item\"><a href=\"#tab-1749837462134-0\" ><span>Attorney<\/span><\/a><\/li><li class=\"tab-item\"><a href=\"#tab-1749837462155-5\" ><span>Audit and taxes<\/span><\/a><\/li><\/ul>\n\n\t\t\t\n\t\t\t<div id=\"tab-los-principales\" data-tab-icon=\"\" class=\"wpb_tab ui-tabs-panel wpb_ui-tabs-hide clearfix\">\n\t\t\t\t<div id=\"fws_69dff96d3ead3\" data-midnight=\"\" data-column-margin=\"default\" class=\"wpb_row vc_row-fluid vc_row inner_row\"  style=\"\"><div class=\"row-bg-wrap\"> <div class=\"row-bg\" ><\/div> <\/div><div class=\"row_col_wrap_12_inner col span_12  left\">\n\t<div  class=\"vc_col-sm-3 wpb_column column_container vc_column_container col child_column no-extra-padding inherit_tablet inherit_phone\"   data-padding-pos=\"all\" data-has-bg-color=\"false\" data-bg-color=\"\" data-bg-opacity=\"1\" data-animation=\"\" data-delay=\"0\" >\n\t\t<div class=\"vc_column-inner\" >\n\t\t<div class=\"wpb_wrapper\">\n\t\t\t\n<div class=\"wpb_text_column wpb_content_element  vc_custom_1582306481542\" >\n\t<div class=\"wpb_wrapper\">\n\t\t<h5>Principal members<\/h5>\n\t<\/div>\n<\/div>\n\n\n\n<div class=\"nectar-fancy-ul\" data-list-icon=\"icon-salient-thin-line\" data-animation=\"true\" data-animation-delay=\"0\" data-color=\"extra-color-3\" data-spacing=\"default\" data-alignment=\"left\"> \n<ul>\n<li>Cemex Energy<\/li>\n<li>E2M<\/li>\n<li>NEG Power<\/li>\n<li>Regulus Energ\u00eda<\/li>\n<li>RIC Energy<\/li>\n<li>Saavi Energ\u00eda<\/li>\n<li>Sujio<\/li>\n<li><span style=\"font-weight: 400;\">Western Power Trading Forum<\/span><\/li>\n<\/ul>\n <\/div><div class=\"divider-wrap\" data-alignment=\"default\"><div style=\"height: 20px;\" class=\"divider\"><\/div><\/div>\n\t\t<\/div> \n\t<\/div>\n\t<\/div> \n<\/div><\/div>\n\t\t\t<\/div> \n\t\t\t<div id=\"tab-los-adherentes\" data-tab-icon=\"\" class=\"wpb_tab ui-tabs-panel wpb_ui-tabs-hide clearfix\">\n\t\t\t\t<div id=\"fws_69dff96d401d4\" data-midnight=\"\" data-column-margin=\"default\" class=\"wpb_row vc_row-fluid vc_row inner_row\"  style=\"\"><div class=\"row-bg-wrap\"> <div class=\"row-bg\" ><\/div> <\/div><div class=\"row_col_wrap_12_inner col span_12  left\">\n\t<div  class=\"vc_col-sm-4 wpb_column column_container vc_column_container col child_column no-extra-padding inherit_tablet inherit_phone\"   data-padding-pos=\"all\" data-has-bg-color=\"false\" data-bg-color=\"\" data-bg-opacity=\"1\" data-animation=\"\" data-delay=\"0\" >\n\t\t<div class=\"vc_column-inner\" >\n\t\t<div class=\"wpb_wrapper\">\n\t\t\t\n<div class=\"wpb_text_column wpb_content_element  vc_custom_1582306554846\" >\n\t<div class=\"wpb_wrapper\">\n\t\t<h5>The adherents<\/h5>\n\t<\/div>\n<\/div>\n\n\n\n<div class=\"nectar-fancy-ul\" data-list-icon=\"icon-salient-thin-line\" data-animation=\"true\" data-animation-delay=\"0\" data-color=\"extra-color-3\" data-spacing=\"default\" data-alignment=\"left\"> \n<ul>\n<li>Ammper Energy<\/li>\n<li>BayWa r.e.<\/li>\n<li>Brio Suministro<\/li>\n<li>Enel Green Power<\/li>\n<li>ENEL X North America (NA)<\/li>\n<li>Enerlogix Solutions<\/li>\n<li><span style=\"font-weight: 400;\">Enicon Energy<\/span><\/li>\n<li><span style=\"font-weight: 400;\">EnerAB<\/span><\/li>\n<li><span style=\"font-weight: 400;\">Soluciones Energ\u00e9ticas Transam\u00e9rica<\/span><\/li>\n<li>Kualion Energ\u00eda<\/li>\n<li>Qenergy<\/li>\n<li>RED Energ\u00eda<\/li>\n<li>TradeOn Energy<\/li>\n<li>Vitol Electricidad de M\u00e9xico<\/li>\n<\/ul>\n <\/div><div class=\"divider-wrap\" data-alignment=\"default\"><div style=\"height: 20px;\" class=\"divider\"><\/div><\/div>\n\t\t<\/div> \n\t<\/div>\n\t<\/div> \n\n\t<div  class=\"vc_col-sm-4 wpb_column column_container vc_column_container col child_column no-extra-padding inherit_tablet inherit_phone\"   data-padding-pos=\"all\" data-has-bg-color=\"false\" data-bg-color=\"\" data-bg-opacity=\"1\" data-animation=\"\" data-delay=\"0\" >\n\t\t<div class=\"vc_column-inner\" >\n\t\t<div class=\"wpb_wrapper\">\n\t\t\t\n\t\t<\/div> \n\t<\/div>\n\t<\/div> \n\n\t<div  class=\"vc_col-sm-4 wpb_column column_container vc_column_container col child_column no-extra-padding inherit_tablet inherit_phone\"   data-padding-pos=\"all\" data-has-bg-color=\"false\" data-bg-color=\"\" data-bg-opacity=\"1\" data-animation=\"\" data-delay=\"0\" >\n\t\t<div class=\"vc_column-inner\" >\n\t\t<div class=\"wpb_wrapper\">\n\t\t\t\n\t\t<\/div> \n\t<\/div>\n\t<\/div> \n<\/div><\/div>\n\t\t\t<\/div> \n\t\t\t<div id=\"tab-consejo-directivo\" data-tab-icon=\"\" class=\"wpb_tab ui-tabs-panel wpb_ui-tabs-hide clearfix\">\n\t\t\t\t<div id=\"fws_69dff96d409c2\" data-midnight=\"\" data-column-margin=\"default\" class=\"wpb_row vc_row-fluid vc_row inner_row\"  style=\"\"><div class=\"row-bg-wrap\"> <div class=\"row-bg\" ><\/div> <\/div><div class=\"row_col_wrap_12_inner col span_12  left\">\n\t<div  class=\"vc_col-sm-12 wpb_column column_container vc_column_container col child_column no-extra-padding inherit_tablet inherit_phone\"   data-padding-pos=\"all\" data-has-bg-color=\"false\" data-bg-color=\"\" data-bg-opacity=\"1\" data-animation=\"\" data-delay=\"0\" >\n\t\t<div class=\"vc_column-inner\" >\n\t\t<div class=\"wpb_wrapper\">\n\t\t\t\n<div class=\"wpb_text_column wpb_content_element  vc_custom_1495297444677\" >\n\t<div class=\"wpb_wrapper\">\n\t\t<h5>Executive Council<\/h5>\n\t<\/div>\n<\/div>\n\n\n\n<div class=\"nectar-fancy-ul font_line_height_2px\" data-list-icon=\"icon-salient-thin-line\" data-animation=\"true\" data-animation-delay=\"0\" data-color=\"extra-color-3\" data-spacing=\"default\" data-alignment=\"left\"> \n<h3><strong>Executive Council ACE<\/strong><\/h3>\n<div>2023 &#8211; 2026<\/div>\n<div><\/div>\n<div>\n<table>\n<tbody>\n<tr>\n<td><span style=\"font-weight: 400;\">Francisco Con Garza<\/span><\/td>\n<td><span style=\"font-weight: 400;\">Presidente<\/span><\/td>\n<\/tr>\n<tr>\n<td><span style=\"font-weight: 400;\">Roberto de la Garza<\/span><\/td>\n<td><span style=\"font-weight: 400;\">Secretario Ejecutivo<\/span><\/td>\n<\/tr>\n<tr>\n<td><span style=\"font-weight: 400;\">Jorge Hern\u00e1ndez Gonz\u00e1lez<\/span><\/td>\n<td><span style=\"font-weight: 400;\">Tesorero<\/span><\/td>\n<\/tr>\n<tr>\n<td><span style=\"font-weight: 400;\">Juan Antonio Zapata Garc\u00eda<\/span><\/td>\n<td><span style=\"font-weight: 400;\">Vocal<\/span><\/td>\n<\/tr>\n<tr>\n<td><span style=\"font-weight: 400;\">Iliana Tob\u00edas Campos<\/span><\/td>\n<td><span style=\"font-weight: 400;\">Vocal<\/span><\/td>\n<\/tr>\n<tr>\n<td><span style=\"font-weight: 400;\">Carlos Aurelio Hern\u00e1ndez Gonz\u00e1lez<\/span><\/td>\n<td><span style=\"font-weight: 400;\">Vocal<\/span><\/td>\n<\/tr>\n<tr>\n<td><span style=\"font-weight: 400;\">Hans Kohlsdorf<\/span><\/td>\n<td><span style=\"font-weight: 400;\">Vocal<\/span><\/td>\n<\/tr>\n<tr>\n<td><span style=\"font-weight: 400;\">Rajan Vig<\/span><\/td>\n<td><span style=\"font-weight: 400;\">Vocal<\/span><\/td>\n<\/tr>\n<\/tbody>\n<\/table>\n<\/div>\n <\/div><div class=\"divider-wrap\" data-alignment=\"default\"><div style=\"height: 20px;\" class=\"divider\"><\/div><\/div>\n\t\t<\/div> \n\t<\/div>\n\t<\/div> \n<\/div><\/div>\n\t\t\t<\/div> \n\t\t\t<div id=\"tab-abogado\" data-tab-icon=\"\" class=\"wpb_tab ui-tabs-panel wpb_ui-tabs-hide clearfix\">\n\t\t\t\t<div id=\"fws_69dff96d40ff9\" data-midnight=\"\" data-column-margin=\"default\" class=\"wpb_row vc_row-fluid vc_row inner_row\"  style=\"\"><div class=\"row-bg-wrap\"> <div class=\"row-bg\" ><\/div> <\/div><div class=\"row_col_wrap_12_inner col span_12  left\">\n\t<div  class=\"vc_col-sm-3 wpb_column column_container vc_column_container col child_column no-extra-padding inherit_tablet inherit_phone\"   data-padding-pos=\"all\" data-has-bg-color=\"false\" data-bg-color=\"\" data-bg-opacity=\"1\" data-animation=\"\" data-delay=\"0\" >\n\t\t<div class=\"vc_column-inner\" >\n\t\t<div class=\"wpb_wrapper\">\n\t\t\t\n<div class=\"wpb_text_column wpb_content_element  vc_custom_1495297504663\" >\n\t<div class=\"wpb_wrapper\">\n\t\t<h5>Attorney<\/h5>\n\t<\/div>\n<\/div>\n\n\n\n<div class=\"nectar-fancy-ul\" data-list-icon=\"icon-salient-thin-line\" data-animation=\"true\" data-animation-delay=\"0\" data-color=\"extra-color-3\" data-spacing=\"default\" data-alignment=\"left\"> Jos\u00e9 Mar\u00eda Lujambio I.<\/p>\n<p>Energy Practice Director \/ Director de la Pr\u00e1ctica de Energ\u00eda<\/p>\n<p>Cacheaux, Cavazos &amp; Newton, L.L.P<\/p>\n<p>The Terrace \/ South Mopac Hwy. 2600 Via Fortuna Drive, Bldg. 1, Suite 410<\/p>\n<p>Austin, Texas, 78746<br \/>\nTel: 512-614-1562 (main),<br \/>\n512-520-8007 (direct) <\/div><div class=\"divider-wrap\" data-alignment=\"default\"><div style=\"height: 20px;\" class=\"divider\"><\/div><\/div>\n\t\t<\/div> \n\t<\/div>\n\t<\/div> \n<\/div><\/div>\n\t\t\t<\/div> \n\t\t\t<div id=\"tab-auditoria-e-impuestos\" data-tab-icon=\"\" class=\"wpb_tab ui-tabs-panel wpb_ui-tabs-hide clearfix\">\n\t\t\t\t<div id=\"fws_69dff96d415b0\" data-midnight=\"\" data-column-margin=\"default\" class=\"wpb_row vc_row-fluid vc_row inner_row\"  style=\"\"><div class=\"row-bg-wrap\"> <div class=\"row-bg\" ><\/div> <\/div><div class=\"row_col_wrap_12_inner col span_12  left\">\n\t<div  class=\"vc_col-sm-3 wpb_column column_container vc_column_container col child_column no-extra-padding inherit_tablet inherit_phone\"   data-padding-pos=\"all\" data-has-bg-color=\"false\" data-bg-color=\"\" data-bg-opacity=\"1\" data-animation=\"\" data-delay=\"0\" >\n\t\t<div class=\"vc_column-inner\" >\n\t\t<div class=\"wpb_wrapper\">\n\t\t\t\n<div class=\"wpb_text_column wpb_content_element  vc_custom_1495297589456\" >\n\t<div class=\"wpb_wrapper\">\n\t\t<h5>Audit and taxes<\/h5>\n\t<\/div>\n<\/div>\n\n\n\n<div class=\"nectar-fancy-ul\" data-list-icon=\"icon-salient-thin-line\" data-animation=\"true\" data-animation-delay=\"0\" data-color=\"extra-color-3\" data-spacing=\"default\" data-alignment=\"left\"> \n<ul>\n<li>\n<div>\n<div>Alfredo Loredo \u00c1lvarez<\/div>\n<div>Socio<\/div>\n<div>RSM M\u00e9xico<\/div>\n<div>Blvd. Manuel Avila Camacho 76 PB<\/div>\n<div>Lomas de Chapultepec, C.P. 11000, D.F.<\/div>\n<div>T: +52 (55) 5093 6200<\/div>\n<\/div>\n<\/li>\n<\/ul>\n <\/div><div class=\"divider-wrap\" data-alignment=\"default\"><div style=\"height: 20px;\" class=\"divider\"><\/div><\/div>\n\t\t<\/div> \n\t<\/div>\n\t<\/div> \n<\/div><\/div>\n\t\t\t<\/div> \n\t\t<\/div> \n\t<\/div> \n\t\t\t<\/div> \n\t\t<\/div>\n\t<\/div> \n<\/div><\/div>","protected":false},"excerpt":{"rendered":"Los PrincipalesLos AdherentesConsejo DirectivoAbogadoAuditor\u00eda e Impuestos Miembros Principales Cemex Energy E2M NEG Power Regulus Energ\u00eda RIC Energy Saavi Energ\u00eda Sujio Western Power Trading Forum Miembros Adherentes Ammper Energy BayWa r.e....","protected":false},"author":1,"featured_media":0,"parent":0,"menu_order":0,"comment_status":"closed","ping_status":"closed","template":"","meta":{"inline_featured_image":false,"footnotes":""},"_links":{"self":[{"href":"https:\/\/acenergia.com.mx\/en\/wp-json\/wp\/v2\/pages\/405"}],"collection":[{"href":"https:\/\/acenergia.com.mx\/en\/wp-json\/wp\/v2\/pages"}],"about":[{"href":"https:\/\/acenergia.com.mx\/en\/wp-json\/wp\/v2\/types\/page"}],"author":[{"embeddable":true,"href":"https:\/\/acenergia.com.mx\/en\/wp-json\/wp\/v2\/users\/1"}],"replies":[{"embeddable":true,"href":"https:\/\/acenergia.com.mx\/en\/wp-json\/wp\/v2\/comments?post=405"}],"version-history":[{"count":22,"href":"https:\/\/acenergia.com.mx\/en\/wp-json\/wp\/v2\/pages\/405\/revisions"}],"predecessor-version":[{"id":895,"href":"https:\/\/acenergia.com.mx\/en\/wp-json\/wp\/v2\/pages\/405\/revisions\/895"}],"wp:attachment":[{"href":"https:\/\/acenergia.com.mx\/en\/wp-json\/wp\/v2\/media?parent=405"}],"curies":[{"name":"wp","href":"https:\/\/api.w.org\/{rel}","templated":true}]}}