{"id":403,"date":"2017-05-23T02:20:32","date_gmt":"2017-05-23T02:20:32","guid":{"rendered":"https:\/\/acenergia.com.mx\/?page_id=403"},"modified":"2020-02-18T01:16:51","modified_gmt":"2020-02-18T01:16:51","slug":"inicio","status":"publish","type":"page","link":"https:\/\/acenergia.com.mx\/en\/","title":{"rendered":"Home"},"content":{"rendered":"<div id=\"fws_69f4b6c0cba78\"  data-column-margin=\"default\" data-midnight=\"dark\"  class=\"wpb_row vc_row-fluid vc_row full-width-section\"  style=\"padding-top: 0px; padding-bottom: 0px; \"><div class=\"row-bg-wrap\" data-bg-animation=\"none\" data-bg-animation-delay=\"\" data-bg-overlay=\"false\"><div class=\"inner-wrap row-bg-layer\" ><div class=\"row-bg viewport-desktop\"  style=\"\"><\/div><\/div><\/div><div class=\"row_col_wrap_12 col span_12 dark left\">\n\t<div  class=\"vc_col-sm-12 wpb_column column_container vc_column_container col no-extra-padding\"  data-padding-pos=\"all\" data-has-bg-color=\"false\" data-bg-color=\"\" data-bg-opacity=\"1\" data-animation=\"\" data-delay=\"0\" >\n\t\t<div class=\"vc_column-inner\" >\n\t\t\t<div class=\"wpb_wrapper\">\n\t\t\t\t\n\t\t\t<!-- START homeesp REVOLUTION SLIDER 6.6.11 --><p class=\"rs-p-wp-fix\"><\/p>\n\t\t\t<rs-module-wrap id=\"rev_slider_2_1_wrapper\" data-source=\"gallery\" style=\"visibility:hidden;background:#0a0a0a;padding:0;\">\n\t\t\t\t<rs-module id=\"rev_slider_2_1\" style=\"\" data-version=\"6.6.11\">\n\t\t\t\t\t<rs-slides style=\"overflow: hidden; position: absolute;\">\n\t\t\t\t\t\t<rs-slide style=\"position: absolute;\" data-key=\"rs-7\" data-title=\"Mercado Mexicano\" data-thumb=\"\/\/acenergia.com.mx\/wp-content\/uploads\/2017\/05\/bannerhome-100x50.jpg\" data-in=\"o:1;x:100%;\" data-out=\"x:-60%;\">\n\t\t\t\t\t\t\t<img decoding=\"async\" src=\"\/\/acenergia.com.mx\/wp-content\/plugins\/revslider\/public\/assets\/assets\/dummy.png\" alt=\"\" title=\"Home\" class=\"rev-slidebg tp-rs-img rs-lazyload\" data-lazyload=\"\/\/acenergia.com.mx\/wp-content\/uploads\/2017\/05\/bannerhome.jpg\" data-bg=\"p:center bottom;\" data-parallax=\"off\" data-no-retina>\n<!--\n\t\t\t\t\t\t\t--><rs-layer\n\t\t\t\t\t\t\t\tid=\"slider-2-slide-7-layer-1\" \n\t\t\t\t\t\t\t\tdata-type=\"text\"\n\t\t\t\t\t\t\t\tdata-color=\"rgba(255, 255, 255, 1)\"\n\t\t\t\t\t\t\t\tdata-rsp_ch=\"on\"\n\t\t\t\t\t\t\t\tdata-xy=\"x:l,l,c,c;xo:127px,112px,0,1px;y:m,t,t,t;yo:-40px,282px,242px,210px;\"\n\t\t\t\t\t\t\t\tdata-text=\"w:normal;s:65,65,65,45;l:60;a:left,left,center,center;\"\n\t\t\t\t\t\t\t\tdata-dim=\"w:585px,585px,585px,420px;h:63px,63px,63px,auto;\"\n\t\t\t\t\t\t\t\tdata-basealign=\"slide\"\n\t\t\t\t\t\t\t\tdata-frame_0=\"y:50px;\"\n\t\t\t\t\t\t\t\tdata-frame_1=\"e:power4.out;st:780;sp:1500;sR:780;\"\n\t\t\t\t\t\t\t\tdata-frame_999=\"o:0;e:nothing;st:w;sR:6720;\"\n\t\t\t\t\t\t\t\tstyle=\"z-index:6;font-family:'Roboto';\"\n\t\t\t\t\t\t\t>Mexico market \n\t\t\t\t\t\t\t<\/rs-layer><!--\n\n\t\t\t\t\t\t\t--><rs-layer\n\t\t\t\t\t\t\t\tid=\"slider-2-slide-7-layer-3\" \n\t\t\t\t\t\t\t\tdata-type=\"text\"\n\t\t\t\t\t\t\t\tdata-color=\"#ffffff||rgba(255, 255, 255, 0.85)||rgba(255, 255, 255, 0.85)||rgba(255, 255, 255, 0.85)\"\n\t\t\t\t\t\t\t\tdata-rsp_ch=\"on\"\n\t\t\t\t\t\t\t\tdata-xy=\"x:l,l,c,c;xo:130px,114px,0,-1px;y:m,t,t,t;yo:-91px,243px,183px,160px;\"\n\t\t\t\t\t\t\t\tdata-text=\"w:normal;s:17;l:22;ls:2px;fw:500;a:left,left,center,center;\"\n\t\t\t\t\t\t\t\tdata-dim=\"w:446px,560px,301px,313px;h:23px,auto,45px,auto;\"\n\t\t\t\t\t\t\t\tdata-basealign=\"slide\"\n\t\t\t\t\t\t\t\tdata-frame_0=\"y:50px;\"\n\t\t\t\t\t\t\t\tdata-frame_1=\"e:power4.out;st:370;sp:1500;sR:370;\"\n\t\t\t\t\t\t\t\tdata-frame_999=\"o:0;e:nothing;st:w;sR:7130;\"\n\t\t\t\t\t\t\t\tstyle=\"z-index:5;font-family:'Roboto';\"\n\t\t\t\t\t\t\t>Association of Energy Marketers \n\t\t\t\t\t\t\t<\/rs-layer><!--\n\n\t\t\t\t\t\t\t--><rs-layer\n\t\t\t\t\t\t\t\tid=\"slider-2-slide-7-layer-5\" \n\t\t\t\t\t\t\t\tdata-type=\"text\"\n\t\t\t\t\t\t\t\tdata-color=\"#0096ff\"\n\t\t\t\t\t\t\t\tdata-rsp_ch=\"on\"\n\t\t\t\t\t\t\t\tdata-xy=\"x:l,l,c,c;xo:127px,112px,0,-1px;y:m,t,t,t;yo:64px,354px,312px,275px;\"\n\t\t\t\t\t\t\t\tdata-text=\"w:normal;s:45,45,45,40;l:55,55,55,50;a:left,left,center,center;\"\n\t\t\t\t\t\t\t\tdata-dim=\"w:426px,426px,426px,334px;h:132px,132px,132px,133px;\"\n\t\t\t\t\t\t\t\tdata-basealign=\"slide\"\n\t\t\t\t\t\t\t\tdata-frame_0=\"y:50px;\"\n\t\t\t\t\t\t\t\tdata-frame_1=\"e:power4.out;st:1130;sp:1500;sR:1130;\"\n\t\t\t\t\t\t\t\tdata-frame_999=\"o:0;e:nothing;st:w;sR:6370;\"\n\t\t\t\t\t\t\t\tstyle=\"z-index:7;font-family:'Roboto';\"\n\t\t\t\t\t\t\t>Association  focuses on hubs. \n\t\t\t\t\t\t\t<\/rs-layer><!--\n\n\t\t\t\t\t\t\t--><a\n\t\t\t\t\t\t\t\tid=\"slider-2-slide-7-layer-6\" \n\t\t\t\t\t\t\t\tclass=\"rs-layer rev-btn\"\n\t\t\t\t\t\t\t\thref=\"https:\/\/acenergia.com.mx\/en\/#beliefs\" target=\"_self\"\n\t\t\t\t\t\t\t\tdata-type=\"button\"\n\t\t\t\t\t\t\t\tdata-color=\"rgba(255,255,255,1)\"\n\t\t\t\t\t\t\t\tdata-rsp_ch=\"on\"\n\t\t\t\t\t\t\t\tdata-xy=\"x:l,l,l,c;xo:127px,111px,199px,-1px;y:m;yo:161px,137px,47px,69px;\"\n\t\t\t\t\t\t\t\tdata-text=\"s:17;l:17;fw:300;a:inherit;\"\n\t\t\t\t\t\t\t\tdata-basealign=\"slide\"\n\t\t\t\t\t\t\t\tdata-padding=\"t:12;r:35;b:12;l:35;\"\n\t\t\t\t\t\t\t\tdata-border=\"bor:4px,4px,4px,4px;\"\n\t\t\t\t\t\t\t\tdata-frame_0=\"y:20px;\"\n\t\t\t\t\t\t\t\tdata-frame_1=\"e:power4.out;st:1830;sp:1500;sR:1830;\"\n\t\t\t\t\t\t\t\tdata-frame_999=\"st:w;sR:5670;auto:true;\"\n\t\t\t\t\t\t\t\tdata-frame_hover=\"bgc:rgba(255,255,255,0);boc:#fff;bor:4px,4px,4px,4px;bos:solid;bow:1px,1px,1px,1px;oX:50;oY:50;sp:0;\"\n\t\t\t\t\t\t\t\tstyle=\"z-index:8;background-color:rgba(0,150,255,0.65);font-family:'Roboto';cursor:pointer;outline:none;box-shadow:none;box-sizing:border-box;-moz-box-sizing:border-box;-webkit-box-sizing:border-box;\"\n\t\t\t\t\t\t\t>See more about Us \n\t\t\t\t\t\t\t<\/a><!--\n\n\t\t\t\t\t\t\t--><a\n\t\t\t\t\t\t\t\tid=\"slider-2-slide-7-layer-7\" \n\t\t\t\t\t\t\t\tclass=\"rs-layer rev-btn\"\n\t\t\t\t\t\t\t\thref=\"https:\/\/acenergia.com.mx\/en\/contacto\/\" target=\"_self\"\n\t\t\t\t\t\t\t\tdata-type=\"button\"\n\t\t\t\t\t\t\t\tdata-color=\"rgba(255,255,255,1)\"\n\t\t\t\t\t\t\t\tdata-rsp_ch=\"on\"\n\t\t\t\t\t\t\t\tdata-xy=\"x:l,l,l,c;xo:365px,319px,407px,-1px;y:m;yo:161px,138px,47px,136px;\"\n\t\t\t\t\t\t\t\tdata-text=\"s:17;l:17;fw:300;a:inherit;\"\n\t\t\t\t\t\t\t\tdata-basealign=\"slide\"\n\t\t\t\t\t\t\t\tdata-padding=\"t:12;r:35;b:12;l:35;\"\n\t\t\t\t\t\t\t\tdata-border=\"bos:solid;boc:#ffffff;bow:1px,1px,1px,1px;bor:4px,4px,4px,4px;\"\n\t\t\t\t\t\t\t\tdata-frame_0=\"y:20px;\"\n\t\t\t\t\t\t\t\tdata-frame_1=\"e:power4.out;st:2370;sp:1500;sR:2370;\"\n\t\t\t\t\t\t\t\tdata-frame_999=\"st:w;sR:5130;auto:true;\"\n\t\t\t\t\t\t\t\tdata-frame_hover=\"bgc:rgba(0,150,255,0.61);boc:#0096ff;bor:4px,4px,4px,4px;bos:solid;bow:1px,1px,1px,1px;oX:50;oY:50;sp:10;e:power4.out;\"\n\t\t\t\t\t\t\t\tstyle=\"z-index:9;background-color:rgba(255,255,255,0);font-family:'Roboto';cursor:pointer;outline:none;box-shadow:none;box-sizing:border-box;-moz-box-sizing:border-box;-webkit-box-sizing:border-box;\"\n\t\t\t\t\t\t\t>Contact Us \n\t\t\t\t\t\t\t<\/a><!--\n-->\t\t\t\t\t\t<\/rs-slide>\n\t\t\t\t\t\t<rs-slide style=\"position: absolute;\" data-key=\"rs-8\" data-title=\"Nuestros Miembros\" data-thumb=\"\/\/acenergia.com.mx\/wp-content\/uploads\/2017\/05\/ace-power-towers-100x50.jpg\" data-in=\"o:1;x:100%;\" data-out=\"x:-60%;\">\n\t\t\t\t\t\t\t<img decoding=\"async\" src=\"\/\/acenergia.com.mx\/wp-content\/plugins\/revslider\/public\/assets\/assets\/dummy.png\" alt=\"\" title=\"Home\" class=\"rev-slidebg tp-rs-img rs-lazyload\" data-lazyload=\"\/\/acenergia.com.mx\/wp-content\/uploads\/2017\/05\/ace-power-towers.jpg\" data-bg=\"p:center bottom;\" data-parallax=\"off\" data-no-retina>\n<!--\n\t\t\t\t\t\t\t--><rs-layer\n\t\t\t\t\t\t\t\tid=\"slider-2-slide-8-layer-1\" \n\t\t\t\t\t\t\t\tdata-type=\"text\"\n\t\t\t\t\t\t\t\tdata-color=\"rgba(255, 255, 255, 1)\"\n\t\t\t\t\t\t\t\tdata-rsp_ch=\"on\"\n\t\t\t\t\t\t\t\tdata-xy=\"x:l,l,c,c;xo:127px,131px,-1px,-1px;y:m,t,t,t;yo:-40px,318px,281px,185px;\"\n\t\t\t\t\t\t\t\tdata-text=\"w:normal;s:65,65,65,40;l:60,60,60,40;a:left,left,center,center;\"\n\t\t\t\t\t\t\t\tdata-dim=\"w:679px,679px,679px,292px;h:64px,64px,64px,auto;\"\n\t\t\t\t\t\t\t\tdata-basealign=\"slide\"\n\t\t\t\t\t\t\t\tdata-frame_0=\"y:50px;\"\n\t\t\t\t\t\t\t\tdata-frame_1=\"e:power4.out;st:780;sp:1500;sR:780;\"\n\t\t\t\t\t\t\t\tdata-frame_999=\"o:0;e:nothing;st:w;sR:6720;\"\n\t\t\t\t\t\t\t\tstyle=\"z-index:6;font-family:'Roboto';\"\n\t\t\t\t\t\t\t>ACE\u2019s membership \n\t\t\t\t\t\t\t<\/rs-layer><!--\n\n\t\t\t\t\t\t\t--><rs-layer\n\t\t\t\t\t\t\t\tid=\"slider-2-slide-8-layer-3\" \n\t\t\t\t\t\t\t\tdata-type=\"text\"\n\t\t\t\t\t\t\t\tdata-color=\"#ffffff||rgba(255, 255, 255, 0.85)||rgba(255, 255, 255, 0.85)||rgba(255, 255, 255, 0.85)\"\n\t\t\t\t\t\t\t\tdata-rsp_ch=\"on\"\n\t\t\t\t\t\t\t\tdata-xy=\"x:l,l,c,c;xo:130px,133px,-1px,0;y:m,t,t,t;yo:-91px,278px,228px,106px;\"\n\t\t\t\t\t\t\t\tdata-text=\"w:normal;s:17;l:22;ls:2px;fw:500;a:left,left,center,center;\"\n\t\t\t\t\t\t\t\tdata-dim=\"w:446px,560px,541px,260px;h:23px,auto,45px,auto;\"\n\t\t\t\t\t\t\t\tdata-basealign=\"slide\"\n\t\t\t\t\t\t\t\tdata-frame_0=\"y:50px;\"\n\t\t\t\t\t\t\t\tdata-frame_1=\"e:power4.out;st:370;sp:1500;sR:370;\"\n\t\t\t\t\t\t\t\tdata-frame_999=\"o:0;e:nothing;st:w;sR:7130;\"\n\t\t\t\t\t\t\t\tstyle=\"z-index:5;font-family:'Roboto';\"\n\t\t\t\t\t\t\t>Association of Energy Marketers \n\t\t\t\t\t\t\t<\/rs-layer><!--\n\n\t\t\t\t\t\t\t--><a\n\t\t\t\t\t\t\t\tid=\"slider-2-slide-8-layer-6\" \n\t\t\t\t\t\t\t\tclass=\"rs-layer rev-btn\"\n\t\t\t\t\t\t\t\thref=\"https:\/\/acenergia.com.mx\/en\/miembros\/\" target=\"_self\"\n\t\t\t\t\t\t\t\tdata-type=\"button\"\n\t\t\t\t\t\t\t\tdata-color=\"rgba(255,255,255,1)\"\n\t\t\t\t\t\t\t\tdata-rsp_ch=\"on\"\n\t\t\t\t\t\t\t\tdata-xy=\"x:l,l,l,c;xo:125px,131px,208px,-3px;y:m;yo:66px,58px,-40px,-26px;\"\n\t\t\t\t\t\t\t\tdata-text=\"s:17;l:17;fw:300;a:inherit;\"\n\t\t\t\t\t\t\t\tdata-basealign=\"slide\"\n\t\t\t\t\t\t\t\tdata-padding=\"t:12;r:35;b:12;l:35;\"\n\t\t\t\t\t\t\t\tdata-border=\"bor:4px,4px,4px,4px;\"\n\t\t\t\t\t\t\t\tdata-frame_0=\"y:20px;\"\n\t\t\t\t\t\t\t\tdata-frame_1=\"e:power4.out;st:1830;sp:1500;sR:1830;\"\n\t\t\t\t\t\t\t\tdata-frame_999=\"st:w;sR:5670;auto:true;\"\n\t\t\t\t\t\t\t\tdata-frame_hover=\"bgc:rgba(255,255,255,0);boc:#fff;bor:4px,4px,4px,4px;bos:solid;bow:1px,1px,1px,1px;oX:50;oY:50;sp:0;\"\n\t\t\t\t\t\t\t\tstyle=\"z-index:8;background-color:rgba(0,150,255,0.65);font-family:'Roboto';cursor:pointer;outline:none;box-shadow:none;box-sizing:border-box;-moz-box-sizing:border-box;-webkit-box-sizing:border-box;\"\n\t\t\t\t\t\t\t>See our members \n\t\t\t\t\t\t\t<\/a><!--\n\n\t\t\t\t\t\t\t--><a\n\t\t\t\t\t\t\t\tid=\"slider-2-slide-8-layer-7\" \n\t\t\t\t\t\t\t\tclass=\"rs-layer rev-btn\"\n\t\t\t\t\t\t\t\thref=\"https:\/\/acenergia.com.mx\/en\/contacto\/\" target=\"_self\"\n\t\t\t\t\t\t\t\tdata-type=\"button\"\n\t\t\t\t\t\t\t\tdata-color=\"rgba(255,255,255,1)\"\n\t\t\t\t\t\t\t\tdata-rsp_ch=\"on\"\n\t\t\t\t\t\t\t\tdata-xy=\"x:l,l,l,c;xo:354px,326px,408px,0;y:m;yo:65px,58px,-41px,47px;\"\n\t\t\t\t\t\t\t\tdata-text=\"s:17;l:17;fw:300;a:inherit;\"\n\t\t\t\t\t\t\t\tdata-basealign=\"slide\"\n\t\t\t\t\t\t\t\tdata-padding=\"t:12;r:35;b:12;l:35;\"\n\t\t\t\t\t\t\t\tdata-border=\"bos:solid;boc:#ffffff;bow:1px,1px,1px,1px;bor:4px,4px,4px,4px;\"\n\t\t\t\t\t\t\t\tdata-frame_0=\"y:20px;\"\n\t\t\t\t\t\t\t\tdata-frame_1=\"e:power4.out;st:2370;sp:1500;sR:2370;\"\n\t\t\t\t\t\t\t\tdata-frame_999=\"st:w;sR:5130;auto:true;\"\n\t\t\t\t\t\t\t\tdata-frame_hover=\"bgc:rgba(0,150,255,0.61);boc:#0096ff;bor:4px,4px,4px,4px;bos:solid;bow:1px,1px,1px,1px;oX:50;oY:50;sp:10;e:power4.out;\"\n\t\t\t\t\t\t\t\tstyle=\"z-index:9;background-color:rgba(255,255,255,0);font-family:'Roboto';cursor:pointer;outline:none;box-shadow:none;box-sizing:border-box;-moz-box-sizing:border-box;-webkit-box-sizing:border-box;\"\n\t\t\t\t\t\t\t>Contact Us \n\t\t\t\t\t\t\t<\/a><!--\n-->\t\t\t\t\t\t<\/rs-slide>\n\t\t\t\t\t<\/rs-slides>\n\t\t\t\t\t<rs-static-layers class=\"rs-stl-visible\"><!--\n\n\t\t\t\t\t\t\t--><rs-layer\n\t\t\t\t\t\t\t\tid=\"slider-2-slide-2-layer-12\" \n\t\t\t\t\t\t\t\tclass=\"rs-svg rs-layer-static\"\n\t\t\t\t\t\t\t\tdata-type=\"svg\"\n\t\t\t\t\t\t\t\tdata-rsp_ch=\"on\"\n\t\t\t\t\t\t\t\tdata-xy=\"x:r;xo:24px;y:m;\"\n\t\t\t\t\t\t\t\tdata-text=\"a:inherit;\"\n\t\t\t\t\t\t\t\tdata-dim=\"w:35;h:35;\"\n\t\t\t\t\t\t\t\tdata-actions='o:click;a:jumptoslide;slide:next;'\n\t\t\t\t\t\t\t\tdata-svg_src=\"\/\/acenergia.com.mx\/wp-content\/plugins\/revslider\/public\/assets\/assets\/svg\/hardware\/ic_keyboard_arrow_right_24px.svg\"\n\t\t\t\t\t\t\t\tdata-basealign=\"slide\"\n\t\t\t\t\t\t\t\tdata-onslides=\"s:1;\"\n\t\t\t\t\t\t\t\tdata-border=\"bor:3px,3px,3px,3px;\"\n\t\t\t\t\t\t\t\tdata-frame_0=\"tp:600;\"\n\t\t\t\t\t\t\t\tdata-frame_1=\"tp:600;st:0;\"\n\t\t\t\t\t\t\t\tdata-frame_999=\"o:0;tp:600;st:w;sR:8700;\"\n\t\t\t\t\t\t\t\tstyle=\"z-index:19;background-color:#0096ff;font-family:'';\"\n\t\t\t\t\t\t\t> \n\t\t\t\t\t\t\t<\/rs-layer><!--\n\n\t\t\t\t\t\t\t--><rs-layer\n\t\t\t\t\t\t\t\tid=\"slider-2-slide-2-layer-13\" \n\t\t\t\t\t\t\t\tclass=\"rs-svg rs-layer-static\"\n\t\t\t\t\t\t\t\tdata-type=\"svg\"\n\t\t\t\t\t\t\t\tdata-rsp_ch=\"on\"\n\t\t\t\t\t\t\t\tdata-xy=\"xo:24px;y:m;\"\n\t\t\t\t\t\t\t\tdata-text=\"a:inherit;\"\n\t\t\t\t\t\t\t\tdata-dim=\"w:35;h:35;\"\n\t\t\t\t\t\t\t\tdata-actions='o:click;a:jumptoslide;slide:previous;'\n\t\t\t\t\t\t\t\tdata-svg_src=\"\/\/acenergia.com.mx\/wp-content\/plugins\/revslider\/public\/assets\/assets\/svg\/hardware\/ic_keyboard_arrow_right_24px.svg\"\n\t\t\t\t\t\t\t\tdata-basealign=\"slide\"\n\t\t\t\t\t\t\t\tdata-onslides=\"s:1;\"\n\t\t\t\t\t\t\t\tdata-border=\"bor:3px,3px,3px,3px;\"\n\t\t\t\t\t\t\t\tdata-frame_0=\"rZ:180;tp:600;\"\n\t\t\t\t\t\t\t\tdata-frame_1=\"rZ:180;tp:600;st:0;\"\n\t\t\t\t\t\t\t\tdata-frame_999=\"o:0;tp:600;st:w;sR:8700;\"\n\t\t\t\t\t\t\t\tstyle=\"z-index:20;background-color:#0096ff;font-family:'';\"\n\t\t\t\t\t\t\t> \n\t\t\t\t\t\t\t<\/rs-layer><!--\n\t\t\t\t\t--><\/rs-static-layers>\n\t\t\t\t<\/rs-module>\n\t\t\t\t<script>\n\t\t\t\t\tsetREVStartSize({c: 'rev_slider_2_1',rl:[1240,1024,778,480],el:[850,768,960,720],gw:[1240,1024,778,480],gh:[850,768,960,720],type:'standard',justify:'',layout:'fullscreen',offsetContainer:'',offset:'60px',mh:\"0\"});if (window.RS_MODULES!==undefined && window.RS_MODULES.modules!==undefined && window.RS_MODULES.modules[\"revslider21\"]!==undefined) {window.RS_MODULES.modules[\"revslider21\"].once = false;window.revapi2 = undefined;if (window.RS_MODULES.checkMinimal!==undefined) window.RS_MODULES.checkMinimal()}\n\t\t\t\t<\/script>\n\t\t\t<\/rs-module-wrap>\n\t\t\t<!-- END REVOLUTION SLIDER -->\n\n\t\t\t<\/div> \n\t\t<\/div>\n\t<\/div> \n<\/div><\/div>\n\t\t<div id=\"creencias\"  data-column-margin=\"default\" data-midnight=\"dark\"  class=\"wpb_row vc_row-fluid vc_row full-width-content vc_row-o-full-height vc_row-o-columns-stretch vc_row-o-equal-height vc_row-flex vc_row-o-content-middle\"  style=\"padding-top: 0px; padding-bottom: 0px; \"><div class=\"row-bg-wrap\" data-bg-animation=\"none\" data-bg-animation-delay=\"\" data-bg-overlay=\"false\"><div class=\"inner-wrap row-bg-layer\" ><div class=\"row-bg viewport-desktop\"  style=\"\"><\/div><\/div><\/div><div class=\"row_col_wrap_12 col span_12 dark left\">\n\t<div style=\"\" class=\"vc_col-sm-6 wpb_column column_container vc_column_container col no-extra-padding\" data-using-bg=\"true\" data-padding-pos=\"all\" data-has-bg-color=\"false\" data-bg-color=\"\" data-bg-opacity=\"1\" data-animation=\"\" data-delay=\"0\" >\n\t\t<div class=\"vc_column-inner\" ><div class=\"column-image-bg-wrap column-bg-layer viewport-desktop\" data-bg-pos=\"center center\" data-bg-animation=\"none\" data-bg-overlay=\"false\"><div class=\"inner-wrap\"><div class=\"column-image-bg\" style=\" background-image: url('https:\/\/acenergia.com.mx\/wp-content\/uploads\/2016\/09\/creencias.jpg'); \"><\/div><\/div><\/div>\n\t\t\t<div class=\"wpb_wrapper\">\n\t\t\t\t<div class=\"divider-wrap\" data-alignment=\"default\"><div style=\"height: 500px;\" class=\"divider\"><\/div><\/div>\n\t\t\t<\/div> \n\t\t<\/div>\n\t<\/div> \n\n\t<div style=\"\" class=\"vc_col-sm-6 wpb_column column_container vc_column_container col padding-8-percent\" data-using-bg=\"true\" data-padding-pos=\"all\" data-has-bg-color=\"true\" data-bg-color=\"#ffffff\" data-bg-opacity=\"1\" data-animation=\"\" data-delay=\"0\" >\n\t\t<div class=\"vc_column-inner\" ><div class=\"column-bg-overlay-wrap column-bg-layer\" data-bg-animation=\"none\"><div class=\"column-bg-overlay\" style=\"opacity: 1; background-color: #ffffff;\"><\/div><\/div>\n\t\t\t<div class=\"wpb_wrapper\">\n\t\t\t\t\n<div class=\"nectar-animated-title\" data-style=\"color-strip-reveal\" data-color=\"accent-color\">\n\t<div class=\"nectar-animated-title-outer\">\n\t\t<div class=\"nectar-animated-title-inner\">\n\t\t\t<div class=\"wrap\"><h5 style=\"color: #ffffff;\">ACE M\u00e9xico<\/h5><\/div>\n\t\t<\/div>\n\t<\/div>\n<\/div><h2 style=\"font-size: 42px;line-height: 52px;text-align: left\" class=\"vc_custom_heading\" >Our Beliefs<\/h2>\n<div class=\"wpb_text_column wpb_content_element  vc_custom_1520093272665\" >\n\t<div class=\"wpb_wrapper\">\n\t\t<p style=\"font-weight: 400;\">Was established to promote the benefits of competitive wholesale natural gas and power markets in Mexico and competitive retail access to qualified customers.  Our mission is to identify barriers to trade and commerce that if removed would help all energy consumers enjoy lower average prices for these commodities.  We recognize that the efforts made by Mexico to vastly redesign its long standing practices for producing, transmitting, and distributing energy commodities are enormous in scope and the individuals working on these tasks deserve an equally enormous debt of gratitude.<\/p>\n<p style=\"font-weight: 400;\">Their efforts have not gone unappreciated. However, there is much to be done and the process of improving the natural gas and power markets is one that is continuous and progresses unabated.<\/p>\n\t<\/div>\n<\/div>\n\n\n\n\n\t\t\t<\/div> \n\t\t<\/div>\n\t<\/div> \n<\/div><\/div>","protected":false},"excerpt":{"rendered":"Mercado Mexicano Asociaci\u00f3n de Comercializadores de Energ\u00eda Nos enfocamos en los hubs Sobre Nosotros Cont\u00e1ctenos Los miembros de ACE Asociaci\u00f3n de Comercializadores de Energ\u00eda Ver Miembros Cont\u00e1ctenos ACE M\u00e9xico Nuestras...","protected":false},"author":1,"featured_media":0,"parent":0,"menu_order":0,"comment_status":"closed","ping_status":"closed","template":"","meta":{"inline_featured_image":false,"footnotes":""},"_links":{"self":[{"href":"https:\/\/acenergia.com.mx\/en\/wp-json\/wp\/v2\/pages\/403"}],"collection":[{"href":"https:\/\/acenergia.com.mx\/en\/wp-json\/wp\/v2\/pages"}],"about":[{"href":"https:\/\/acenergia.com.mx\/en\/wp-json\/wp\/v2\/types\/page"}],"author":[{"embeddable":true,"href":"https:\/\/acenergia.com.mx\/en\/wp-json\/wp\/v2\/users\/1"}],"replies":[{"embeddable":true,"href":"https:\/\/acenergia.com.mx\/en\/wp-json\/wp\/v2\/comments?post=403"}],"version-history":[{"count":0,"href":"https:\/\/acenergia.com.mx\/en\/wp-json\/wp\/v2\/pages\/403\/revisions"}],"wp:attachment":[{"href":"https:\/\/acenergia.com.mx\/en\/wp-json\/wp\/v2\/media?parent=403"}],"curies":[{"name":"wp","href":"https:\/\/api.w.org\/{rel}","templated":true}]}}